{"id":2274,"date":"2023-11-09T11:40:18","date_gmt":"2023-11-09T11:40:18","guid":{"rendered":"https:\/\/mikumallorca.com\/?page_id=2274"},"modified":"2025-01-06T11:11:22","modified_gmt":"2025-01-06T11:11:22","slug":"about-us","status":"publish","type":"page","link":"https:\/\/mikumallorca.com\/de\/about-us\/","title":{"rendered":"About us"},"content":{"rendered":"<div data-elementor-type=\"wp-page\" data-elementor-id=\"2274\" class=\"elementor elementor-2274\" data-elementor-post-type=\"page\">\n\t\t\t\t\t\t<section class=\"elementor-section elementor-top-section elementor-element elementor-element-f8d84ec elementor-section-boxed elementor-section-height-default elementor-section-height-default\" data-id=\"f8d84ec\" data-element_type=\"section\">\n\t\t\t\t\t\t<div class=\"elementor-container elementor-column-gap-default\">\n\t\t\t\t\t<div class=\"elementor-column elementor-col-100 elementor-top-column elementor-element elementor-element-64425b4\" data-id=\"64425b4\" data-element_type=\"column\">\n\t\t\t<div class=\"elementor-widget-wrap elementor-element-populated\">\n\t\t\t\t\t\t<div class=\"elementor-element elementor-element-004b179 elementor-widget elementor-widget-image\" data-id=\"004b179\" data-element_type=\"widget\" data-widget_type=\"image.default\">\n\t\t\t\t<div class=\"elementor-widget-container\">\n\t\t\t\t\t\t\t\t\t\t\t\t\t\t\t<img decoding=\"async\" width=\"200\" height=\"200\" src=\"data:image\/gif;base64,R0lGODlhAQABAIAAAAAAAP\/\/\/yH5BAEAAAAALAAAAAABAAEAAAIBRAA7\" data-src=\"https:\/\/mikumallorca.com\/wp-content\/uploads\/2023\/11\/Diseno-sin-titulo-26.png\" class=\"attachment-large size-large wp-image-1662 lazyload\" alt=\"\" data-srcset=\"https:\/\/mikumallorca.com\/wp-content\/uploads\/2023\/11\/Diseno-sin-titulo-26.png 200w, https:\/\/mikumallorca.com\/wp-content\/uploads\/2023\/11\/Diseno-sin-titulo-26-150x150.png 150w\" sizes=\"(max-width: 200px) 100vw, 200px\" \/><noscript><img decoding=\"async\" width=\"200\" height=\"200\" src=\"https:\/\/mikumallorca.com\/wp-content\/uploads\/2023\/11\/Diseno-sin-titulo-26.png\" class=\"attachment-large size-large wp-image-1662 lazyload\" alt=\"\" srcset=\"https:\/\/mikumallorca.com\/wp-content\/uploads\/2023\/11\/Diseno-sin-titulo-26.png 200w, https:\/\/mikumallorca.com\/wp-content\/uploads\/2023\/11\/Diseno-sin-titulo-26-150x150.png 150w\" sizes=\"(max-width: 200px) 100vw, 200px\" \/><\/noscript>\t\t\t\t\t\t\t\t\t\t\t\t\t\t\t<\/div>\n\t\t\t\t<\/div>\n\t\t\t\t<div class=\"elementor-element elementor-element-7cd4bbf elementor-widget elementor-widget-heading\" data-id=\"7cd4bbf\" data-element_type=\"widget\" data-widget_type=\"heading.default\">\n\t\t\t\t<div class=\"elementor-widget-container\">\n\t\t\t\t\t<h2 class=\"elementor-heading-title elementor-size-default\">\u00dcber uns<span style=\"color:#618FAB\"> MIKU MALLORCA<\/span><\/h2>\t\t\t\t<\/div>\n\t\t\t\t<\/div>\n\t\t\t\t<div class=\"elementor-element elementor-element-a28ab91 elementor-widget-divider--separator-type-pattern elementor-widget-divider--no-spacing elementor-widget-divider--view-line elementor-widget elementor-widget-divider\" data-id=\"a28ab91\" data-element_type=\"widget\" data-widget_type=\"divider.default\">\n\t\t\t\t<div class=\"elementor-widget-container\">\n\t\t\t\t\t\t\t<div class=\"elementor-divider\" style=\"--divider-pattern-url: url(&quot;data:image\/svg+xml,%3Csvg xmlns=&#039;http:\/\/www.w3.org\/2000\/svg&#039; preserveAspectRatio=&#039;xMidYMid meet&#039; overflow=&#039;visible&#039; height=&#039;100%&#039; viewBox=&#039;0 0 126 26&#039; fill=&#039;black&#039; stroke=&#039;none&#039;%3E%3Cpath d=&#039;M3,10.2c2.6,0,2.6,2,2.6,3.2S4.4,16.5,3,16.5s-3-1.4-3-3.2S0.4,10.2,3,10.2z M18.8,10.2c1.7,0,3.2,1.4,3.2,3.2s-1.4,3.2-3.2,3.2c-1.7,0-3.2-1.4-3.2-3.2S17,10.2,18.8,10.2z M34.6,10.2c1.5,0,2.6,1.4,2.6,3.2s-0.5,3.2-1.9,3.2c-1.5,0-3.4-1.4-3.4-3.2S33.1,10.2,34.6,10.2z M50.5,10.2c1.7,0,3.2,1.4,3.2,3.2s-1.4,3.2-3.2,3.2c-1.7,0-3.3-0.9-3.3-2.6S48.7,10.2,50.5,10.2z M66.2,10.2c1.5,0,3.4,1.4,3.4,3.2s-1.9,3.2-3.4,3.2c-1.5,0-2.6-0.4-2.6-2.1S64.8,10.2,66.2,10.2z M82.2,10.2c1.7,0.8,2.6,1.4,2.6,3.2s-0.1,3.2-1.6,3.2c-1.5,0-3.7-1.4-3.7-3.2S80.5,9.4,82.2,10.2zM98.6,10.2c1.5,0,2.6,0.4,2.6,2.1s-1.2,4.2-2.6,4.2c-1.5,0-3.7-0.4-3.7-2.1S97.1,10.2,98.6,10.2z M113.4,10.2c1.2,0,2.2,0.9,2.2,3.2s-0.1,3.2-1.3,3.2s-3.1-1.4-3.1-3.2S112.2,10.2,113.4,10.2z&#039;\/%3E%3C\/svg%3E&quot;);\">\n\t\t\t<span class=\"elementor-divider-separator\">\n\t\t\t\t\t\t<\/span>\n\t\t<\/div>\n\t\t\t\t\t\t<\/div>\n\t\t\t\t<\/div>\n\t\t\t\t\t<\/div>\n\t\t<\/div>\n\t\t\t\t\t<\/div>\n\t\t<\/section>\n\t\t\t\t<section class=\"elementor-section elementor-top-section elementor-element elementor-element-996698b elementor-section-boxed elementor-section-height-default elementor-section-height-default\" data-id=\"996698b\" data-element_type=\"section\">\n\t\t\t\t\t\t<div class=\"elementor-container elementor-column-gap-default\">\n\t\t\t\t\t<div class=\"elementor-column elementor-col-100 elementor-top-column elementor-element elementor-element-89ba757\" data-id=\"89ba757\" data-element_type=\"column\">\n\t\t\t<div class=\"elementor-widget-wrap elementor-element-populated\">\n\t\t\t\t\t\t<div class=\"elementor-element elementor-element-854d23b elementor-widget elementor-widget-text-editor\" data-id=\"854d23b\" data-element_type=\"widget\" data-widget_type=\"text-editor.default\">\n\t\t\t\t<div class=\"elementor-widget-container\">\n\t\t\t\t\t\t\t\t\t<p style=\"text-align: center;\">Bei Miku Mallorca sind wir ein engagiertes Team von Praktikern, die sich daf\u00fcr einsetzen, das nat\u00fcrliche Heilungspotenzial Ihres K\u00f6rpers zu erschlie\u00dfen. Mit einem tiefen Verst\u00e4ndnis der Vernetzung aller 5 Godai: <strong>ERN\u00c4HRUNG, UMWELT, GEIST, K\u00d6RPERLICHKEIT, ENERGIE<\/strong>\u2026 wir passen unseren Ansatz an Ihre individuellen medizinischen und gesundheitlichen Bed\u00fcrfnisse an. Wir werden Sie anhand dieser 5 Bereiche mithilfe integrativer Medizin in einem einzigen Termin untersuchen und behandeln.<\/p><p style=\"text-align: center;\">Unsere praktischen naturheilkundlichen Techniken basieren auf der traditionellen japanischen Medizin <strong>Vorbeugen, heilen, wiederherstellen und ausgleichen.<\/strong><\/p><p style=\"text-align: center;\">Ganz gleich, ob Sie Linderung von Schmerzen suchen, Hilfe bei Autoimmun- oder Allergieproblemen, Nacken- oder R\u00fcckenproblemen ben\u00f6tigen, die Wiederherstellung Ihrer Atemfunktion oder Verdauungsprobleme anstreben, das Gleichgewicht in den Wechseljahren wiederherstellen, sich von einer Verletzung erholen m\u00f6chten oder sich einfach nach einem Zustand tiefer Gesundheit sehnen, Wir laden Sie ein, die M\u00f6glichkeiten von zu erkunden <strong>Amatsu Japanische Integrierte Medizin.<\/strong><\/p><p style=\"text-align: center;\">Unsere Klinik ist nicht nur ein Zufluchtsort f\u00fcr Heilung und Ausgeglichenheit, sie ist auch ein Ort, an dem alte Traditionen auf modernes Fachwissen treffen, um Sie auf dem Weg zur besten Gesundheit Ihres Lebens zu unterst\u00fctzen.<\/p><p style=\"text-align: center;\">Begeben Sie sich mit uns auf Ihre Reise zu ganzheitlicher Gesundheit und Wohlbefinden, wobei jeder Termin ein Schritt zu einem ges\u00fcnderen, vitaleren Menschen ist.<\/p><p style=\"text-align: center;\">Willkommen in der einzigartigen, transformativen und inspirierenden Welt der japanischen integrierten Medizin von Amatsu.<\/p>\t\t\t\t\t\t\t\t<\/div>\n\t\t\t\t<\/div>\n\t\t\t\t<div class=\"elementor-element elementor-element-51e08a8 elementor-widget elementor-widget-gallery\" data-id=\"51e08a8\" data-element_type=\"widget\" data-settings=\"{&quot;gap&quot;:{&quot;unit&quot;:&quot;px&quot;,&quot;size&quot;:0,&quot;sizes&quot;:[]},&quot;gap_mobile&quot;:{&quot;unit&quot;:&quot;px&quot;,&quot;size&quot;:0,&quot;sizes&quot;:[]},&quot;aspect_ratio&quot;:&quot;4:3&quot;,&quot;lazyload&quot;:&quot;yes&quot;,&quot;gallery_layout&quot;:&quot;grid&quot;,&quot;columns&quot;:4,&quot;columns_tablet&quot;:2,&quot;columns_mobile&quot;:1,&quot;gap_tablet&quot;:{&quot;unit&quot;:&quot;px&quot;,&quot;size&quot;:10,&quot;sizes&quot;:[]},&quot;link_to&quot;:&quot;file&quot;,&quot;overlay_background&quot;:&quot;yes&quot;,&quot;content_hover_animation&quot;:&quot;fade-in&quot;}\" data-widget_type=\"gallery.default\">\n\t\t\t\t<div class=\"elementor-widget-container\">\n\t\t\t\t\t\t\t<div class=\"elementor-gallery__container\">\n\t\t\t\t\t\t\t<a class=\"e-gallery-item elementor-gallery-item elementor-animated-content\" href=\"https:\/\/mikumallorca.com\/wp-content\/uploads\/2023\/11\/bf86d6ce-3586-40a9-bed6-a8ac03761f1c.jpg\" data-elementor-open-lightbox=\"yes\" data-elementor-lightbox-slideshow=\"51e08a8\" data-elementor-lightbox-title=\"TEAM OF MIKU MALLORCA 2\" data-e-action-hash=\"#elementor-action%3Aaction%3Dlightbox%26settings%3DeyJpZCI6MzU1NywidXJsIjoiaHR0cHM6XC9cL21pa3VtYWxsb3JjYS5jb21cL3dwLWNvbnRlbnRcL3VwbG9hZHNcLzIwMjNcLzExXC9iZjg2ZDZjZS0zNTg2LTQwYTktYmVkNi1hOGFjMDM3NjFmMWMuanBnIiwic2xpZGVzaG93IjoiNTFlMDhhOCJ9\">\n\t\t\t\t\t<div class=\"e-gallery-image elementor-gallery-item__image\" data-thumbnail=\"https:\/\/mikumallorca.com\/wp-content\/uploads\/2023\/11\/bf86d6ce-3586-40a9-bed6-a8ac03761f1c-768x576.jpg\" data-width=\"768\" data-height=\"576\" aria-label=\"TEAM OF MIKU MALLORCA 3\" role=\"img\" ><\/div>\n\t\t\t\t\t\t\t\t\t\t\t<div class=\"elementor-gallery-item__overlay\"><\/div>\n\t\t\t\t\t\t\t\t\t\t\t\t\t\t<\/a>\n\t\t\t\t\t\t\t<a class=\"e-gallery-item elementor-gallery-item elementor-animated-content\" href=\"https:\/\/mikumallorca.com\/wp-content\/uploads\/2023\/11\/002848-2.jpg\" data-elementor-open-lightbox=\"yes\" data-elementor-lightbox-slideshow=\"51e08a8\" data-elementor-lightbox-title=\"TEAM OF MIKU MALLORCA\" data-e-action-hash=\"#elementor-action%3Aaction%3Dlightbox%26settings%3DeyJpZCI6MzY3MiwidXJsIjoiaHR0cHM6XC9cL21pa3VtYWxsb3JjYS5jb21cL3dwLWNvbnRlbnRcL3VwbG9hZHNcLzIwMjNcLzExXC8wMDI4NDgtMi5qcGciLCJzbGlkZXNob3ciOiI1MWUwOGE4In0%3D\">\n\t\t\t\t\t<div class=\"e-gallery-image elementor-gallery-item__image\" data-thumbnail=\"https:\/\/mikumallorca.com\/wp-content\/uploads\/2023\/11\/002848-2-768x432.jpg\" data-width=\"768\" data-height=\"432\" aria-label=\"TEAM OF MIKU MALLORCA\" role=\"img\" ><\/div>\n\t\t\t\t\t\t\t\t\t\t\t<div class=\"elementor-gallery-item__overlay\"><\/div>\n\t\t\t\t\t\t\t\t\t\t\t\t\t\t<\/a>\n\t\t\t\t\t\t\t<a class=\"e-gallery-item elementor-gallery-item elementor-animated-content\" href=\"https:\/\/mikumallorca.com\/wp-content\/uploads\/2023\/11\/9f528d71-46a0-4cdf-9bf4-1183093898e3.jpg\" data-elementor-open-lightbox=\"yes\" data-elementor-lightbox-slideshow=\"51e08a8\" data-elementor-lightbox-title=\"TEAM OF MIKU MALLORCA\" data-e-action-hash=\"#elementor-action%3Aaction%3Dlightbox%26settings%3DeyJpZCI6MzU1OCwidXJsIjoiaHR0cHM6XC9cL21pa3VtYWxsb3JjYS5jb21cL3dwLWNvbnRlbnRcL3VwbG9hZHNcLzIwMjNcLzExXC85ZjUyOGQ3MS00NmEwLTRjZGYtOWJmNC0xMTgzMDkzODk4ZTMuanBnIiwic2xpZGVzaG93IjoiNTFlMDhhOCJ9\">\n\t\t\t\t\t<div class=\"e-gallery-image elementor-gallery-item__image\" data-thumbnail=\"https:\/\/mikumallorca.com\/wp-content\/uploads\/2023\/11\/9f528d71-46a0-4cdf-9bf4-1183093898e3-768x553.jpg\" data-width=\"768\" data-height=\"553\" aria-label=\"TEAM OF MIKU MALLORCA\" role=\"img\" ><\/div>\n\t\t\t\t\t\t\t\t\t\t\t<div class=\"elementor-gallery-item__overlay\"><\/div>\n\t\t\t\t\t\t\t\t\t\t\t\t\t\t<\/a>\n\t\t\t\t\t\t\t<a class=\"e-gallery-item elementor-gallery-item elementor-animated-content\" href=\"https:\/\/mikumallorca.com\/wp-content\/uploads\/2023\/11\/Biografia_de_Hatsumi_1024x1024.webp\" data-elementor-open-lightbox=\"yes\" data-elementor-lightbox-slideshow=\"51e08a8\" data-elementor-lightbox-title=\"DR Hatsumi\" data-e-action-hash=\"#elementor-action%3Aaction%3Dlightbox%26settings%3DeyJpZCI6MzY3MywidXJsIjoiaHR0cHM6XC9cL21pa3VtYWxsb3JjYS5jb21cL3dwLWNvbnRlbnRcL3VwbG9hZHNcLzIwMjNcLzExXC9CaW9ncmFmaWFfZGVfSGF0c3VtaV8xMDI0eDEwMjQud2VicCIsInNsaWRlc2hvdyI6IjUxZTA4YTgifQ%3D%3D\">\n\t\t\t\t\t<div class=\"e-gallery-image elementor-gallery-item__image\" data-thumbnail=\"https:\/\/mikumallorca.com\/wp-content\/uploads\/2023\/11\/Biografia_de_Hatsumi_1024x1024-768x396.webp\" data-width=\"768\" data-height=\"396\" aria-label=\"DR Hatsumi\" role=\"img\" ><\/div>\n\t\t\t\t\t\t\t\t\t\t\t<div class=\"elementor-gallery-item__overlay\"><\/div>\n\t\t\t\t\t\t\t\t\t\t\t\t\t\t<\/a>\n\t\t\t\t\t<\/div>\n\t\t\t\t\t<\/div>\n\t\t\t\t<\/div>\n\t\t\t\t<div class=\"elementor-element elementor-element-69b2922 elementor-widget elementor-widget-spacer\" data-id=\"69b2922\" data-element_type=\"widget\" data-widget_type=\"spacer.default\">\n\t\t\t\t<div class=\"elementor-widget-container\">\n\t\t\t\t\t\t\t<div class=\"elementor-spacer\">\n\t\t\t<div class=\"elementor-spacer-inner\"><\/div>\n\t\t<\/div>\n\t\t\t\t\t\t<\/div>\n\t\t\t\t<\/div>\n\t\t\t\t\t<\/div>\n\t\t<\/div>\n\t\t\t\t\t<\/div>\n\t\t<\/section>\n\t\t\t\t<section class=\"elementor-section elementor-top-section elementor-element elementor-element-3e4ae7f elementor-section-boxed elementor-section-height-default elementor-section-height-default\" data-id=\"3e4ae7f\" data-element_type=\"section\">\n\t\t\t\t\t\t<div class=\"elementor-container elementor-column-gap-default\">\n\t\t\t\t\t<div class=\"elementor-column elementor-col-100 elementor-top-column elementor-element elementor-element-6f9719a\" data-id=\"6f9719a\" data-element_type=\"column\">\n\t\t\t<div class=\"elementor-widget-wrap elementor-element-populated\">\n\t\t\t\t\t\t<div class=\"elementor-element elementor-element-65854be elementor-widget elementor-widget-image\" data-id=\"65854be\" data-element_type=\"widget\" data-widget_type=\"image.default\">\n\t\t\t\t<div class=\"elementor-widget-container\">\n\t\t\t\t\t\t\t\t\t\t\t\t\t\t\t<img decoding=\"async\" width=\"150\" height=\"150\" src=\"data:image\/gif;base64,R0lGODlhAQABAIAAAAAAAP\/\/\/yH5BAEAAAAALAAAAAABAAEAAAIBRAA7\" data-src=\"https:\/\/mikumallorca.com\/wp-content\/uploads\/2023\/11\/Diseno-sin-titulo-36-150x150.png\" class=\"attachment-thumbnail size-thumbnail wp-image-2592 lazyload\" alt=\"LOGO AMATSU SCHOOL\" data-srcset=\"https:\/\/mikumallorca.com\/wp-content\/uploads\/2023\/11\/Diseno-sin-titulo-36-150x150.png 150w, https:\/\/mikumallorca.com\/wp-content\/uploads\/2023\/11\/Diseno-sin-titulo-36.png 300w\" sizes=\"(max-width: 150px) 100vw, 150px\" \/><noscript><img loading=\"lazy\" decoding=\"async\" width=\"150\" height=\"150\" src=\"https:\/\/mikumallorca.com\/wp-content\/uploads\/2023\/11\/Diseno-sin-titulo-36-150x150.png\" class=\"attachment-thumbnail size-thumbnail wp-image-2592 lazyload\" alt=\"LOGO AMATSU SCHOOL\" srcset=\"https:\/\/mikumallorca.com\/wp-content\/uploads\/2023\/11\/Diseno-sin-titulo-36-150x150.png 150w, https:\/\/mikumallorca.com\/wp-content\/uploads\/2023\/11\/Diseno-sin-titulo-36.png 300w\" sizes=\"(max-width: 150px) 100vw, 150px\" \/><\/noscript>\t\t\t\t\t\t\t\t\t\t\t\t\t\t\t<\/div>\n\t\t\t\t<\/div>\n\t\t\t\t<div class=\"elementor-element elementor-element-8723bad elementor-widget elementor-widget-heading\" data-id=\"8723bad\" data-element_type=\"widget\" data-widget_type=\"heading.default\">\n\t\t\t\t<div class=\"elementor-widget-container\">\n\t\t\t\t\t<h2 class=\"elementor-heading-title elementor-size-default\">DAS <span style=\"color:#618FAB\">  TEAM <\/span><\/h2>\t\t\t\t<\/div>\n\t\t\t\t<\/div>\n\t\t\t\t<div class=\"elementor-element elementor-element-88978ab elementor-widget-divider--separator-type-pattern elementor-widget-divider--no-spacing elementor-widget-divider--view-line elementor-widget elementor-widget-divider\" data-id=\"88978ab\" data-element_type=\"widget\" data-widget_type=\"divider.default\">\n\t\t\t\t<div class=\"elementor-widget-container\">\n\t\t\t\t\t\t\t<div class=\"elementor-divider\" style=\"--divider-pattern-url: url(&quot;data:image\/svg+xml,%3Csvg xmlns=&#039;http:\/\/www.w3.org\/2000\/svg&#039; preserveAspectRatio=&#039;xMidYMid meet&#039; overflow=&#039;visible&#039; height=&#039;100%&#039; viewBox=&#039;0 0 126 26&#039; fill=&#039;black&#039; stroke=&#039;none&#039;%3E%3Cpath d=&#039;M3,10.2c2.6,0,2.6,2,2.6,3.2S4.4,16.5,3,16.5s-3-1.4-3-3.2S0.4,10.2,3,10.2z M18.8,10.2c1.7,0,3.2,1.4,3.2,3.2s-1.4,3.2-3.2,3.2c-1.7,0-3.2-1.4-3.2-3.2S17,10.2,18.8,10.2z M34.6,10.2c1.5,0,2.6,1.4,2.6,3.2s-0.5,3.2-1.9,3.2c-1.5,0-3.4-1.4-3.4-3.2S33.1,10.2,34.6,10.2z M50.5,10.2c1.7,0,3.2,1.4,3.2,3.2s-1.4,3.2-3.2,3.2c-1.7,0-3.3-0.9-3.3-2.6S48.7,10.2,50.5,10.2z M66.2,10.2c1.5,0,3.4,1.4,3.4,3.2s-1.9,3.2-3.4,3.2c-1.5,0-2.6-0.4-2.6-2.1S64.8,10.2,66.2,10.2z M82.2,10.2c1.7,0.8,2.6,1.4,2.6,3.2s-0.1,3.2-1.6,3.2c-1.5,0-3.7-1.4-3.7-3.2S80.5,9.4,82.2,10.2zM98.6,10.2c1.5,0,2.6,0.4,2.6,2.1s-1.2,4.2-2.6,4.2c-1.5,0-3.7-0.4-3.7-2.1S97.1,10.2,98.6,10.2z M113.4,10.2c1.2,0,2.2,0.9,2.2,3.2s-0.1,3.2-1.3,3.2s-3.1-1.4-3.1-3.2S112.2,10.2,113.4,10.2z&#039;\/%3E%3C\/svg%3E&quot;);\">\n\t\t\t<span class=\"elementor-divider-separator\">\n\t\t\t\t\t\t<\/span>\n\t\t<\/div>\n\t\t\t\t\t\t<\/div>\n\t\t\t\t<\/div>\n\t\t\t\t\t<\/div>\n\t\t<\/div>\n\t\t\t\t\t<\/div>\n\t\t<\/section>\n\t\t\t\t<section class=\"elementor-section elementor-top-section elementor-element elementor-element-50a2322 elementor-section-boxed elementor-section-height-default elementor-section-height-default\" data-id=\"50a2322\" data-element_type=\"section\">\n\t\t\t\t\t\t<div class=\"elementor-container elementor-column-gap-default\">\n\t\t\t\t\t<div class=\"elementor-column elementor-col-50 elementor-top-column elementor-element elementor-element-89024ae\" data-id=\"89024ae\" data-element_type=\"column\">\n\t\t\t<div class=\"elementor-widget-wrap elementor-element-populated\">\n\t\t\t\t\t\t<div class=\"elementor-element elementor-element-2883c29 elementor-widget elementor-widget-image\" data-id=\"2883c29\" data-element_type=\"widget\" data-widget_type=\"image.default\">\n\t\t\t\t<div class=\"elementor-widget-container\">\n\t\t\t\t\t\t\t\t\t\t\t\t\t\t\t<img loading=\"lazy\" decoding=\"async\" width=\"150\" height=\"150\" src=\"data:image\/gif;base64,R0lGODlhAQABAIAAAAAAAP\/\/\/yH5BAEAAAAALAAAAAABAAEAAAIBRAA7\" data-src=\"https:\/\/mikumallorca.com\/wp-content\/uploads\/2023\/11\/Diseno-sin-titulo-29-150x150.png\" class=\"attachment-thumbnail size-thumbnail wp-image-2078 lazyload\" alt=\"Kimmy Dobak performing acupuncture treatment in Palma\" data-srcset=\"https:\/\/mikumallorca.com\/wp-content\/uploads\/2023\/11\/Diseno-sin-titulo-29-150x150.png 150w, https:\/\/mikumallorca.com\/wp-content\/uploads\/2023\/11\/Diseno-sin-titulo-29.png 300w\" sizes=\"(max-width: 150px) 100vw, 150px\" \/><noscript><img loading=\"lazy\" decoding=\"async\" width=\"150\" height=\"150\" src=\"https:\/\/mikumallorca.com\/wp-content\/uploads\/2023\/11\/Diseno-sin-titulo-29-150x150.png\" class=\"attachment-thumbnail size-thumbnail wp-image-2078 lazyload\" alt=\"Kimmy Dobak performing acupuncture treatment in Palma\" srcset=\"https:\/\/mikumallorca.com\/wp-content\/uploads\/2023\/11\/Diseno-sin-titulo-29-150x150.png 150w, https:\/\/mikumallorca.com\/wp-content\/uploads\/2023\/11\/Diseno-sin-titulo-29.png 300w\" sizes=\"(max-width: 150px) 100vw, 150px\" \/><\/noscript>\t\t\t\t\t\t\t\t\t\t\t\t\t\t\t<\/div>\n\t\t\t\t<\/div>\n\t\t\t\t<div class=\"elementor-element elementor-element-35f88b2 elementor-widget elementor-widget-heading\" data-id=\"35f88b2\" data-element_type=\"widget\" data-widget_type=\"heading.default\">\n\t\t\t\t<div class=\"elementor-widget-container\">\n\t\t\t\t\t<h2 class=\"elementor-heading-title elementor-size-default\">Kimmy Dob\u00e1k<\/h2>\t\t\t\t<\/div>\n\t\t\t\t<\/div>\n\t\t\t\t<div class=\"elementor-element elementor-element-f098e9d elementor-widget elementor-widget-text-editor\" data-id=\"f098e9d\" data-element_type=\"widget\" data-widget_type=\"text-editor.default\">\n\t\t\t\t<div class=\"elementor-widget-container\">\n\t\t\t\t\t\t\t\t\t<p style=\"text-align: center;\">Kimmy ist Mitglied der Chestnut School of Japanese Integrated Medicine und eine \u00e4u\u00dferst erfahrene und registrierte Praktikerin der japanischen Integrierten Medizin.<\/p><p style=\"text-align: center;\">Sie unterrichtet in den \u00e4u\u00dferst gefragten Kursen von Dr.\/Master Chris Roworth am Chestnut Training Centre in Gro\u00dfbritannien und hat vor Kurzem mit angeschlossenen Kursen in Palma de Mallorca begonnen, wo sie die gesamte japanische integrierte Medizin von Amatsu unterrichten wird.<\/p><p style=\"text-align: center;\">Kimmy wurde bei dem weltber\u00fchmten Dr. Chris Roworth ausgebildet. Chris ist nur einer von drei ausgebildeten \u00c4rzten in der westlichen Welt und wurde von Japans letztem wahren Ninja, Dr. Hatsumi Maasaki, in dieser herausragenden Medizin ausgebildet.<\/p><p style=\"text-align: center;\">Dr. Hatsumi Maasaki schenkte der westlichen Welt diese wirklich herausragende alte Kampfkunstmedizin \u00fcber Dr. Chris Roworth, der sein Wissen nun an einige wenige Auserw\u00e4hlte weitergibt. Die Medizin wurde im Laufe der Jahre als \u201eJapans bestgeh\u00fctetes Geheimnis\u201c bezeichnet.<\/p><p style=\"text-align: center;\">Kimmy ist in japanischer Akupunktur ausgebildet <em>(einschlie\u00dflich 5 Elemente und Tung)<\/em>, Sekkotsu <em>(Wirbels\u00e4ulen- und Gelenkkorrektur)<\/em>, Shindenjutsu <em>(Bandfl\u00fcssigkeitstreiben)<\/em>, Ampuka <em>(viszerale Korrektur)<\/em>, Kenkujutsu <em>(kranialer Ausgleich),<\/em> Kappojutsu <em>(Sport-\/Kampfsportmedizin),<\/em> Seitai <em>(physio)<\/em>, Super-Tonic Herbs &amp; Nutrition, AK- und Muskeltests, Allergielinderung, Anma <em>(Massage mit Akupressur)<\/em>, Moxibustion, Schr\u00f6pfen, Shiatsu und vieles mehr.<\/p><p style=\"text-align: center;\">Sie hat weitere Fachzertifikate in den unterschiedlichsten Bereichen erfolgreich abgeschlossen, wie zum Beispiel Sportmedizin, hormonelle Erkrankungen, Schmerzlinderung, Infektionskrankheiten, Immunsystem, Fruchtbarkeit und Schwangerschaft, Gesichts- und kosmetische Akupunktur.<\/p><p style=\"text-align: center;\">Kimmy wurde k\u00fcrzlich mit der vollst\u00e4ndigen \u201eLehrerlizenz\u201c ausgezeichnet, eine herausragende Auszeichnung in der Welt des Bujinkan Ninja.<br \/>Damit ist sie nun eine von acht Personen auf der Welt, die diese unglaubliche Medizin lehren d\u00fcrfen. K\u00fcrzlich wurde ihr auch ihr japanischer Name von ihrem Soke Chris Roworth verliehen.<br \/>Sie wurde Minamoto Sensei genannt <em>(Bedeutung: mina \u2013 alles und jeder, moto \u2013 Quelle und Ursprung)<\/em><\/p>\t\t\t\t\t\t\t\t<\/div>\n\t\t\t\t<\/div>\n\t\t\t\t\t<\/div>\n\t\t<\/div>\n\t\t\t\t<div class=\"elementor-column elementor-col-50 elementor-top-column elementor-element elementor-element-2f1c310\" data-id=\"2f1c310\" data-element_type=\"column\">\n\t\t\t<div class=\"elementor-widget-wrap elementor-element-populated\">\n\t\t\t\t\t\t<div class=\"elementor-element elementor-element-3fc9eec elementor-widget elementor-widget-image\" data-id=\"3fc9eec\" data-element_type=\"widget\" data-widget_type=\"image.default\">\n\t\t\t\t<div class=\"elementor-widget-container\">\n\t\t\t\t\t\t\t\t\t\t\t\t\t\t\t<img loading=\"lazy\" decoding=\"async\" width=\"150\" height=\"150\" src=\"data:image\/gif;base64,R0lGODlhAQABAIAAAAAAAP\/\/\/yH5BAEAAAAALAAAAAABAAEAAAIBRAA7\" data-src=\"https:\/\/mikumallorca.com\/wp-content\/uploads\/2023\/11\/Ezri-Bobak.png\" class=\"attachment-thumbnail size-thumbnail wp-image-3807 lazyload\" alt=\"Ezri Bobak - Accupuncutre Practitioner\" \/><noscript><img loading=\"lazy\" decoding=\"async\" width=\"150\" height=\"150\" src=\"https:\/\/mikumallorca.com\/wp-content\/uploads\/2023\/11\/Ezri-Bobak.png\" class=\"attachment-thumbnail size-thumbnail wp-image-3807 lazyload\" alt=\"Ezri Bobak - Accupuncutre Practitioner\" \/><\/noscript>\t\t\t\t\t\t\t\t\t\t\t\t\t\t\t<\/div>\n\t\t\t\t<\/div>\n\t\t\t\t<div class=\"elementor-element elementor-element-adfd777 elementor-widget elementor-widget-heading\" data-id=\"adfd777\" data-element_type=\"widget\" data-widget_type=\"heading.default\">\n\t\t\t\t<div class=\"elementor-widget-container\">\n\t\t\t\t\t<h2 class=\"elementor-heading-title elementor-size-default\">Ezri Dob\u00e1k<\/h2>\t\t\t\t<\/div>\n\t\t\t\t<\/div>\n\t\t\t\t<div class=\"elementor-element elementor-element-03c0c32 elementor-widget elementor-widget-text-editor\" data-id=\"03c0c32\" data-element_type=\"widget\" data-widget_type=\"text-editor.default\">\n\t\t\t\t<div class=\"elementor-widget-container\">\n\t\t\t\t\t\t\t\t\t<p style=\"text-align: center;\">Ezri wurde in die japanische Familie der Integrierten Medizin hineingeboren und war von Anfang an Teil der Medizin. Das Aufwachsen in diesem Umfeld und die Teilnahme an Sitzungen schon in jungen Jahren haben ihm einen Vorsprung und ein Gef\u00fchl f\u00fcr die Medizin verschafft, um die viele neidisch sind!<\/p><p style=\"text-align: center;\">Ezri hat schon in jungen Jahren an der Seite von Kimmy in Kliniken in Gro\u00dfbritannien und auf Mallorca trainiert und ist jetzt in Anma qualifiziert (<em>Massage mit Akupressur<\/em>), Ampuka (viszerale Korrektur), AK- und Muskeltests, Moxibustion, Schr\u00f6pfen und Shiatsu.<\/p><p style=\"text-align: center;\">Neben seiner Ausbildung bei Kimmy hat er auch an der Seite des renommierten Dr.\/Meisters Chris Roworth im Chestnut Training Centre, Gro\u00dfbritannien, trainiert.<\/p><p style=\"text-align: center;\">Ezri ist Mitglied der Chestnut School of Japanese Integrated Medicine, wo er seine berufliche Entwicklung fortsetzt.<\/p>\t\t\t\t\t\t\t\t<\/div>\n\t\t\t\t<\/div>\n\t\t\t\t\t<\/div>\n\t\t<\/div>\n\t\t\t\t\t<\/div>\n\t\t<\/section>\n\t\t\t\t<\/div>","protected":false},"excerpt":{"rendered":"<p>ABOUT MIKU MALLORCA At Miku Mallorca, we are a dedicated team of Practitioners committed to unlocking your body\u2019s natural healing potential. With a profound understanding of the interconnectedness of all the 5 Godai: NUTRITION, ENVIRONMENT, MIND, PHYSICAL, ENERGY&#8230; we tailor our approach to address your unique medical and health needs. We will assess and treat [&hellip;]<\/p>","protected":false},"author":1,"featured_media":0,"parent":0,"menu_order":0,"comment_status":"closed","ping_status":"closed","template":"","meta":{"footnotes":""},"class_list":["post-2274","page","type-page","status-publish","hentry"],"_links":{"self":[{"href":"https:\/\/mikumallorca.com\/de\/wp-json\/wp\/v2\/pages\/2274","targetHints":{"allow":["GET"]}}],"collection":[{"href":"https:\/\/mikumallorca.com\/de\/wp-json\/wp\/v2\/pages"}],"about":[{"href":"https:\/\/mikumallorca.com\/de\/wp-json\/wp\/v2\/types\/page"}],"author":[{"embeddable":true,"href":"https:\/\/mikumallorca.com\/de\/wp-json\/wp\/v2\/users\/1"}],"replies":[{"embeddable":true,"href":"https:\/\/mikumallorca.com\/de\/wp-json\/wp\/v2\/comments?post=2274"}],"version-history":[{"count":4,"href":"https:\/\/mikumallorca.com\/de\/wp-json\/wp\/v2\/pages\/2274\/revisions"}],"predecessor-version":[{"id":3895,"href":"https:\/\/mikumallorca.com\/de\/wp-json\/wp\/v2\/pages\/2274\/revisions\/3895"}],"wp:attachment":[{"href":"https:\/\/mikumallorca.com\/de\/wp-json\/wp\/v2\/media?parent=2274"}],"curies":[{"name":"wp","href":"https:\/\/api.w.org\/{rel}","templated":true}]}}