{"id":2274,"date":"2023-11-09T11:40:18","date_gmt":"2023-11-09T11:40:18","guid":{"rendered":"https:\/\/mikumallorca.com\/?page_id=2274"},"modified":"2025-01-06T11:11:22","modified_gmt":"2025-01-06T11:11:22","slug":"about-us","status":"publish","type":"page","link":"https:\/\/mikumallorca.com\/es\/about-us\/","title":{"rendered":"About us"},"content":{"rendered":"<div data-elementor-type=\"wp-page\" data-elementor-id=\"2274\" class=\"elementor elementor-2274\" data-elementor-post-type=\"page\">\n\t\t\t\t\t\t<section class=\"elementor-section elementor-top-section elementor-element elementor-element-f8d84ec elementor-section-boxed elementor-section-height-default elementor-section-height-default\" data-id=\"f8d84ec\" data-element_type=\"section\">\n\t\t\t\t\t\t<div class=\"elementor-container elementor-column-gap-default\">\n\t\t\t\t\t<div class=\"elementor-column elementor-col-100 elementor-top-column elementor-element elementor-element-64425b4\" data-id=\"64425b4\" data-element_type=\"column\">\n\t\t\t<div class=\"elementor-widget-wrap elementor-element-populated\">\n\t\t\t\t\t\t<div class=\"elementor-element elementor-element-004b179 elementor-widget elementor-widget-image\" data-id=\"004b179\" data-element_type=\"widget\" data-widget_type=\"image.default\">\n\t\t\t\t<div class=\"elementor-widget-container\">\n\t\t\t\t\t\t\t\t\t\t\t\t\t\t\t<img decoding=\"async\" width=\"200\" height=\"200\" src=\"data:image\/gif;base64,R0lGODlhAQABAIAAAAAAAP\/\/\/yH5BAEAAAAALAAAAAABAAEAAAIBRAA7\" data-src=\"https:\/\/mikumallorca.com\/wp-content\/uploads\/2023\/11\/Diseno-sin-titulo-26.png\" class=\"attachment-large size-large wp-image-1662 lazyload\" alt=\"\" data-srcset=\"https:\/\/mikumallorca.com\/wp-content\/uploads\/2023\/11\/Diseno-sin-titulo-26.png 200w, https:\/\/mikumallorca.com\/wp-content\/uploads\/2023\/11\/Diseno-sin-titulo-26-150x150.png 150w\" sizes=\"(max-width: 200px) 100vw, 200px\" \/><noscript><img decoding=\"async\" width=\"200\" height=\"200\" src=\"https:\/\/mikumallorca.com\/wp-content\/uploads\/2023\/11\/Diseno-sin-titulo-26.png\" class=\"attachment-large size-large wp-image-1662 lazyload\" alt=\"\" srcset=\"https:\/\/mikumallorca.com\/wp-content\/uploads\/2023\/11\/Diseno-sin-titulo-26.png 200w, https:\/\/mikumallorca.com\/wp-content\/uploads\/2023\/11\/Diseno-sin-titulo-26-150x150.png 150w\" sizes=\"(max-width: 200px) 100vw, 200px\" \/><\/noscript>\t\t\t\t\t\t\t\t\t\t\t\t\t\t\t<\/div>\n\t\t\t\t<\/div>\n\t\t\t\t<div class=\"elementor-element elementor-element-7cd4bbf elementor-widget elementor-widget-heading\" data-id=\"7cd4bbf\" data-element_type=\"widget\" data-widget_type=\"heading.default\">\n\t\t\t\t<div class=\"elementor-widget-container\">\n\t\t\t\t\t<h2 class=\"elementor-heading-title elementor-size-default\">Acerca de<span style=\"color:#618FAB\"> MIKU MALLORCA<\/span><\/h2>\t\t\t\t<\/div>\n\t\t\t\t<\/div>\n\t\t\t\t<div class=\"elementor-element elementor-element-a28ab91 elementor-widget-divider--separator-type-pattern elementor-widget-divider--no-spacing elementor-widget-divider--view-line elementor-widget elementor-widget-divider\" data-id=\"a28ab91\" data-element_type=\"widget\" data-widget_type=\"divider.default\">\n\t\t\t\t<div class=\"elementor-widget-container\">\n\t\t\t\t\t\t\t<div class=\"elementor-divider\" style=\"--divider-pattern-url: url(&quot;data:image\/svg+xml,%3Csvg xmlns=&#039;http:\/\/www.w3.org\/2000\/svg&#039; preserveAspectRatio=&#039;xMidYMid meet&#039; overflow=&#039;visible&#039; height=&#039;100%&#039; viewBox=&#039;0 0 126 26&#039; fill=&#039;black&#039; stroke=&#039;none&#039;%3E%3Cpath d=&#039;M3,10.2c2.6,0,2.6,2,2.6,3.2S4.4,16.5,3,16.5s-3-1.4-3-3.2S0.4,10.2,3,10.2z M18.8,10.2c1.7,0,3.2,1.4,3.2,3.2s-1.4,3.2-3.2,3.2c-1.7,0-3.2-1.4-3.2-3.2S17,10.2,18.8,10.2z M34.6,10.2c1.5,0,2.6,1.4,2.6,3.2s-0.5,3.2-1.9,3.2c-1.5,0-3.4-1.4-3.4-3.2S33.1,10.2,34.6,10.2z M50.5,10.2c1.7,0,3.2,1.4,3.2,3.2s-1.4,3.2-3.2,3.2c-1.7,0-3.3-0.9-3.3-2.6S48.7,10.2,50.5,10.2z M66.2,10.2c1.5,0,3.4,1.4,3.4,3.2s-1.9,3.2-3.4,3.2c-1.5,0-2.6-0.4-2.6-2.1S64.8,10.2,66.2,10.2z M82.2,10.2c1.7,0.8,2.6,1.4,2.6,3.2s-0.1,3.2-1.6,3.2c-1.5,0-3.7-1.4-3.7-3.2S80.5,9.4,82.2,10.2zM98.6,10.2c1.5,0,2.6,0.4,2.6,2.1s-1.2,4.2-2.6,4.2c-1.5,0-3.7-0.4-3.7-2.1S97.1,10.2,98.6,10.2z M113.4,10.2c1.2,0,2.2,0.9,2.2,3.2s-0.1,3.2-1.3,3.2s-3.1-1.4-3.1-3.2S112.2,10.2,113.4,10.2z&#039;\/%3E%3C\/svg%3E&quot;);\">\n\t\t\t<span class=\"elementor-divider-separator\">\n\t\t\t\t\t\t<\/span>\n\t\t<\/div>\n\t\t\t\t\t\t<\/div>\n\t\t\t\t<\/div>\n\t\t\t\t\t<\/div>\n\t\t<\/div>\n\t\t\t\t\t<\/div>\n\t\t<\/section>\n\t\t\t\t<section class=\"elementor-section elementor-top-section elementor-element elementor-element-996698b elementor-section-boxed elementor-section-height-default elementor-section-height-default\" data-id=\"996698b\" data-element_type=\"section\">\n\t\t\t\t\t\t<div class=\"elementor-container elementor-column-gap-default\">\n\t\t\t\t\t<div class=\"elementor-column elementor-col-100 elementor-top-column elementor-element elementor-element-89ba757\" data-id=\"89ba757\" data-element_type=\"column\">\n\t\t\t<div class=\"elementor-widget-wrap elementor-element-populated\">\n\t\t\t\t\t\t<div class=\"elementor-element elementor-element-854d23b elementor-widget elementor-widget-text-editor\" data-id=\"854d23b\" data-element_type=\"widget\" data-widget_type=\"text-editor.default\">\n\t\t\t\t<div class=\"elementor-widget-container\">\n\t\t\t\t\t\t\t\t\t<p style=\"text-align: center;\">En Miku Mallorca, somos un equipo dedicado de practicantes comprometidos a desbloquear el potencial curativo natural de su cuerpo. Con una profunda comprensi\u00f3n de la interconexi\u00f3n de los 5 Godai: <strong>NUTRICI\u00d3N, ENTORNO, MENTE, F\u00cdSICO, ENERG\u00cdA<\/strong>\u2026adaptamos nuestro enfoque para abordar sus necesidades m\u00e9dicas y de salud \u00fanicas. Lo evaluaremos y trataremos a trav\u00e9s de estas 5 \u00e1reas, utilizando la medicina integrativa, todo en una sola cita.<\/p><p style=\"text-align: center;\">Nuestras t\u00e9cnicas naturop\u00e1ticas pr\u00e1cticas, arraigadas en la medicina tradicional japonesa. <strong>prevenir, curar, restaurar y equilibrar.<\/strong><\/p><p style=\"text-align: center;\">Ya sea que est\u00e9 buscando alivio del dolor, necesite ayuda con problemas autoinmunes o de alergia, problemas de cuello o espalda, con el objetivo de restaurar su funci\u00f3n respiratoria, problemas digestivos, equilibrar la menopausia, rehabilitarse de una lesi\u00f3n o simplemente anhelar un estado de salud profunda, te invitamos a explorar las posibilidades de <strong>Medicina Integrada Japonesa Amatsu.<\/strong><\/p><p style=\"text-align: center;\">Nuestra cl\u00ednica no es solo un santuario para la curaci\u00f3n y el equilibrio, es un espacio donde las tradiciones antiguas se combinan con la experiencia moderna para impulsarlo hacia la mejor salud de su vida.<\/p><p style=\"text-align: center;\">Emb\u00e1rquese en su viaje hacia la salud y el bienestar hol\u00edsticos con nosotros, donde cada cita es un paso hacia una persona m\u00e1s saludable y vibrante.<\/p><p style=\"text-align: center;\">Bienvenido al mundo \u00fanico, transformador e inspirador de la Medicina Integrada Japonesa de Amatsu.<\/p>\t\t\t\t\t\t\t\t<\/div>\n\t\t\t\t<\/div>\n\t\t\t\t<div class=\"elementor-element elementor-element-51e08a8 elementor-widget elementor-widget-gallery\" data-id=\"51e08a8\" data-element_type=\"widget\" data-settings=\"{&quot;gap&quot;:{&quot;unit&quot;:&quot;px&quot;,&quot;size&quot;:0,&quot;sizes&quot;:[]},&quot;gap_mobile&quot;:{&quot;unit&quot;:&quot;px&quot;,&quot;size&quot;:0,&quot;sizes&quot;:[]},&quot;aspect_ratio&quot;:&quot;4:3&quot;,&quot;lazyload&quot;:&quot;yes&quot;,&quot;gallery_layout&quot;:&quot;grid&quot;,&quot;columns&quot;:4,&quot;columns_tablet&quot;:2,&quot;columns_mobile&quot;:1,&quot;gap_tablet&quot;:{&quot;unit&quot;:&quot;px&quot;,&quot;size&quot;:10,&quot;sizes&quot;:[]},&quot;link_to&quot;:&quot;file&quot;,&quot;overlay_background&quot;:&quot;yes&quot;,&quot;content_hover_animation&quot;:&quot;fade-in&quot;}\" data-widget_type=\"gallery.default\">\n\t\t\t\t<div class=\"elementor-widget-container\">\n\t\t\t\t\t\t\t<div class=\"elementor-gallery__container\">\n\t\t\t\t\t\t\t<a class=\"e-gallery-item elementor-gallery-item elementor-animated-content\" href=\"https:\/\/mikumallorca.com\/wp-content\/uploads\/2023\/11\/bf86d6ce-3586-40a9-bed6-a8ac03761f1c.jpg\" data-elementor-open-lightbox=\"yes\" data-elementor-lightbox-slideshow=\"51e08a8\" data-elementor-lightbox-title=\"TEAM OF MIKU MALLORCA 2\" data-e-action-hash=\"#elementor-action%3Aaction%3Dlightbox%26settings%3DeyJpZCI6MzU1NywidXJsIjoiaHR0cHM6XC9cL21pa3VtYWxsb3JjYS5jb21cL3dwLWNvbnRlbnRcL3VwbG9hZHNcLzIwMjNcLzExXC9iZjg2ZDZjZS0zNTg2LTQwYTktYmVkNi1hOGFjMDM3NjFmMWMuanBnIiwic2xpZGVzaG93IjoiNTFlMDhhOCJ9\">\n\t\t\t\t\t<div class=\"e-gallery-image elementor-gallery-item__image\" data-thumbnail=\"https:\/\/mikumallorca.com\/wp-content\/uploads\/2023\/11\/bf86d6ce-3586-40a9-bed6-a8ac03761f1c-768x576.jpg\" data-width=\"768\" data-height=\"576\" aria-label=\"TEAM OF MIKU MALLORCA 3\" role=\"img\" ><\/div>\n\t\t\t\t\t\t\t\t\t\t\t<div class=\"elementor-gallery-item__overlay\"><\/div>\n\t\t\t\t\t\t\t\t\t\t\t\t\t\t<\/a>\n\t\t\t\t\t\t\t<a class=\"e-gallery-item elementor-gallery-item elementor-animated-content\" href=\"https:\/\/mikumallorca.com\/wp-content\/uploads\/2023\/11\/002848-2.jpg\" data-elementor-open-lightbox=\"yes\" data-elementor-lightbox-slideshow=\"51e08a8\" data-elementor-lightbox-title=\"TEAM OF MIKU MALLORCA\" data-e-action-hash=\"#elementor-action%3Aaction%3Dlightbox%26settings%3DeyJpZCI6MzY3MiwidXJsIjoiaHR0cHM6XC9cL21pa3VtYWxsb3JjYS5jb21cL3dwLWNvbnRlbnRcL3VwbG9hZHNcLzIwMjNcLzExXC8wMDI4NDgtMi5qcGciLCJzbGlkZXNob3ciOiI1MWUwOGE4In0%3D\">\n\t\t\t\t\t<div class=\"e-gallery-image elementor-gallery-item__image\" data-thumbnail=\"https:\/\/mikumallorca.com\/wp-content\/uploads\/2023\/11\/002848-2-768x432.jpg\" data-width=\"768\" data-height=\"432\" aria-label=\"TEAM OF MIKU MALLORCA\" role=\"img\" ><\/div>\n\t\t\t\t\t\t\t\t\t\t\t<div class=\"elementor-gallery-item__overlay\"><\/div>\n\t\t\t\t\t\t\t\t\t\t\t\t\t\t<\/a>\n\t\t\t\t\t\t\t<a class=\"e-gallery-item elementor-gallery-item elementor-animated-content\" href=\"https:\/\/mikumallorca.com\/wp-content\/uploads\/2023\/11\/9f528d71-46a0-4cdf-9bf4-1183093898e3.jpg\" data-elementor-open-lightbox=\"yes\" data-elementor-lightbox-slideshow=\"51e08a8\" data-elementor-lightbox-title=\"TEAM OF MIKU MALLORCA\" data-e-action-hash=\"#elementor-action%3Aaction%3Dlightbox%26settings%3DeyJpZCI6MzU1OCwidXJsIjoiaHR0cHM6XC9cL21pa3VtYWxsb3JjYS5jb21cL3dwLWNvbnRlbnRcL3VwbG9hZHNcLzIwMjNcLzExXC85ZjUyOGQ3MS00NmEwLTRjZGYtOWJmNC0xMTgzMDkzODk4ZTMuanBnIiwic2xpZGVzaG93IjoiNTFlMDhhOCJ9\">\n\t\t\t\t\t<div class=\"e-gallery-image elementor-gallery-item__image\" data-thumbnail=\"https:\/\/mikumallorca.com\/wp-content\/uploads\/2023\/11\/9f528d71-46a0-4cdf-9bf4-1183093898e3-768x553.jpg\" data-width=\"768\" data-height=\"553\" aria-label=\"TEAM OF MIKU MALLORCA\" role=\"img\" ><\/div>\n\t\t\t\t\t\t\t\t\t\t\t<div class=\"elementor-gallery-item__overlay\"><\/div>\n\t\t\t\t\t\t\t\t\t\t\t\t\t\t<\/a>\n\t\t\t\t\t\t\t<a class=\"e-gallery-item elementor-gallery-item elementor-animated-content\" href=\"https:\/\/mikumallorca.com\/wp-content\/uploads\/2023\/11\/Biografia_de_Hatsumi_1024x1024.webp\" data-elementor-open-lightbox=\"yes\" data-elementor-lightbox-slideshow=\"51e08a8\" data-elementor-lightbox-title=\"DR Hatsumi\" data-e-action-hash=\"#elementor-action%3Aaction%3Dlightbox%26settings%3DeyJpZCI6MzY3MywidXJsIjoiaHR0cHM6XC9cL21pa3VtYWxsb3JjYS5jb21cL3dwLWNvbnRlbnRcL3VwbG9hZHNcLzIwMjNcLzExXC9CaW9ncmFmaWFfZGVfSGF0c3VtaV8xMDI0eDEwMjQud2VicCIsInNsaWRlc2hvdyI6IjUxZTA4YTgifQ%3D%3D\">\n\t\t\t\t\t<div class=\"e-gallery-image elementor-gallery-item__image\" data-thumbnail=\"https:\/\/mikumallorca.com\/wp-content\/uploads\/2023\/11\/Biografia_de_Hatsumi_1024x1024-768x396.webp\" data-width=\"768\" data-height=\"396\" aria-label=\"DR Hatsumi\" role=\"img\" ><\/div>\n\t\t\t\t\t\t\t\t\t\t\t<div class=\"elementor-gallery-item__overlay\"><\/div>\n\t\t\t\t\t\t\t\t\t\t\t\t\t\t<\/a>\n\t\t\t\t\t<\/div>\n\t\t\t\t\t<\/div>\n\t\t\t\t<\/div>\n\t\t\t\t<div class=\"elementor-element elementor-element-69b2922 elementor-widget elementor-widget-spacer\" data-id=\"69b2922\" data-element_type=\"widget\" data-widget_type=\"spacer.default\">\n\t\t\t\t<div class=\"elementor-widget-container\">\n\t\t\t\t\t\t\t<div class=\"elementor-spacer\">\n\t\t\t<div class=\"elementor-spacer-inner\"><\/div>\n\t\t<\/div>\n\t\t\t\t\t\t<\/div>\n\t\t\t\t<\/div>\n\t\t\t\t\t<\/div>\n\t\t<\/div>\n\t\t\t\t\t<\/div>\n\t\t<\/section>\n\t\t\t\t<section class=\"elementor-section elementor-top-section elementor-element elementor-element-3e4ae7f elementor-section-boxed elementor-section-height-default elementor-section-height-default\" data-id=\"3e4ae7f\" data-element_type=\"section\">\n\t\t\t\t\t\t<div class=\"elementor-container elementor-column-gap-default\">\n\t\t\t\t\t<div class=\"elementor-column elementor-col-100 elementor-top-column elementor-element elementor-element-6f9719a\" data-id=\"6f9719a\" data-element_type=\"column\">\n\t\t\t<div class=\"elementor-widget-wrap elementor-element-populated\">\n\t\t\t\t\t\t<div class=\"elementor-element elementor-element-65854be elementor-widget elementor-widget-image\" data-id=\"65854be\" data-element_type=\"widget\" data-widget_type=\"image.default\">\n\t\t\t\t<div class=\"elementor-widget-container\">\n\t\t\t\t\t\t\t\t\t\t\t\t\t\t\t<img decoding=\"async\" width=\"150\" height=\"150\" src=\"data:image\/gif;base64,R0lGODlhAQABAIAAAAAAAP\/\/\/yH5BAEAAAAALAAAAAABAAEAAAIBRAA7\" data-src=\"https:\/\/mikumallorca.com\/wp-content\/uploads\/2023\/11\/Diseno-sin-titulo-36-150x150.png\" class=\"attachment-thumbnail size-thumbnail wp-image-2592 lazyload\" alt=\"LOGO AMATSU SCHOOL\" data-srcset=\"https:\/\/mikumallorca.com\/wp-content\/uploads\/2023\/11\/Diseno-sin-titulo-36-150x150.png 150w, https:\/\/mikumallorca.com\/wp-content\/uploads\/2023\/11\/Diseno-sin-titulo-36.png 300w\" sizes=\"(max-width: 150px) 100vw, 150px\" \/><noscript><img loading=\"lazy\" decoding=\"async\" width=\"150\" height=\"150\" src=\"https:\/\/mikumallorca.com\/wp-content\/uploads\/2023\/11\/Diseno-sin-titulo-36-150x150.png\" class=\"attachment-thumbnail size-thumbnail wp-image-2592 lazyload\" alt=\"LOGO AMATSU SCHOOL\" srcset=\"https:\/\/mikumallorca.com\/wp-content\/uploads\/2023\/11\/Diseno-sin-titulo-36-150x150.png 150w, https:\/\/mikumallorca.com\/wp-content\/uploads\/2023\/11\/Diseno-sin-titulo-36.png 300w\" sizes=\"(max-width: 150px) 100vw, 150px\" \/><\/noscript>\t\t\t\t\t\t\t\t\t\t\t\t\t\t\t<\/div>\n\t\t\t\t<\/div>\n\t\t\t\t<div class=\"elementor-element elementor-element-8723bad elementor-widget elementor-widget-heading\" data-id=\"8723bad\" data-element_type=\"widget\" data-widget_type=\"heading.default\">\n\t\t\t\t<div class=\"elementor-widget-container\">\n\t\t\t\t\t<h2 class=\"elementor-heading-title elementor-size-default\">EL EQUIPO <span style=\"color:#618FAB\">  EQUIPO <\/span><\/h2>\t\t\t\t<\/div>\n\t\t\t\t<\/div>\n\t\t\t\t<div class=\"elementor-element elementor-element-88978ab elementor-widget-divider--separator-type-pattern elementor-widget-divider--no-spacing elementor-widget-divider--view-line elementor-widget elementor-widget-divider\" data-id=\"88978ab\" data-element_type=\"widget\" data-widget_type=\"divider.default\">\n\t\t\t\t<div class=\"elementor-widget-container\">\n\t\t\t\t\t\t\t<div class=\"elementor-divider\" style=\"--divider-pattern-url: url(&quot;data:image\/svg+xml,%3Csvg xmlns=&#039;http:\/\/www.w3.org\/2000\/svg&#039; preserveAspectRatio=&#039;xMidYMid meet&#039; overflow=&#039;visible&#039; height=&#039;100%&#039; viewBox=&#039;0 0 126 26&#039; fill=&#039;black&#039; stroke=&#039;none&#039;%3E%3Cpath d=&#039;M3,10.2c2.6,0,2.6,2,2.6,3.2S4.4,16.5,3,16.5s-3-1.4-3-3.2S0.4,10.2,3,10.2z M18.8,10.2c1.7,0,3.2,1.4,3.2,3.2s-1.4,3.2-3.2,3.2c-1.7,0-3.2-1.4-3.2-3.2S17,10.2,18.8,10.2z M34.6,10.2c1.5,0,2.6,1.4,2.6,3.2s-0.5,3.2-1.9,3.2c-1.5,0-3.4-1.4-3.4-3.2S33.1,10.2,34.6,10.2z M50.5,10.2c1.7,0,3.2,1.4,3.2,3.2s-1.4,3.2-3.2,3.2c-1.7,0-3.3-0.9-3.3-2.6S48.7,10.2,50.5,10.2z M66.2,10.2c1.5,0,3.4,1.4,3.4,3.2s-1.9,3.2-3.4,3.2c-1.5,0-2.6-0.4-2.6-2.1S64.8,10.2,66.2,10.2z M82.2,10.2c1.7,0.8,2.6,1.4,2.6,3.2s-0.1,3.2-1.6,3.2c-1.5,0-3.7-1.4-3.7-3.2S80.5,9.4,82.2,10.2zM98.6,10.2c1.5,0,2.6,0.4,2.6,2.1s-1.2,4.2-2.6,4.2c-1.5,0-3.7-0.4-3.7-2.1S97.1,10.2,98.6,10.2z M113.4,10.2c1.2,0,2.2,0.9,2.2,3.2s-0.1,3.2-1.3,3.2s-3.1-1.4-3.1-3.2S112.2,10.2,113.4,10.2z&#039;\/%3E%3C\/svg%3E&quot;);\">\n\t\t\t<span class=\"elementor-divider-separator\">\n\t\t\t\t\t\t<\/span>\n\t\t<\/div>\n\t\t\t\t\t\t<\/div>\n\t\t\t\t<\/div>\n\t\t\t\t\t<\/div>\n\t\t<\/div>\n\t\t\t\t\t<\/div>\n\t\t<\/section>\n\t\t\t\t<section class=\"elementor-section elementor-top-section elementor-element elementor-element-50a2322 elementor-section-boxed elementor-section-height-default elementor-section-height-default\" data-id=\"50a2322\" data-element_type=\"section\">\n\t\t\t\t\t\t<div class=\"elementor-container elementor-column-gap-default\">\n\t\t\t\t\t<div class=\"elementor-column elementor-col-50 elementor-top-column elementor-element elementor-element-89024ae\" data-id=\"89024ae\" data-element_type=\"column\">\n\t\t\t<div class=\"elementor-widget-wrap elementor-element-populated\">\n\t\t\t\t\t\t<div class=\"elementor-element elementor-element-2883c29 elementor-widget elementor-widget-image\" data-id=\"2883c29\" data-element_type=\"widget\" data-widget_type=\"image.default\">\n\t\t\t\t<div class=\"elementor-widget-container\">\n\t\t\t\t\t\t\t\t\t\t\t\t\t\t\t<img loading=\"lazy\" decoding=\"async\" width=\"150\" height=\"150\" src=\"data:image\/gif;base64,R0lGODlhAQABAIAAAAAAAP\/\/\/yH5BAEAAAAALAAAAAABAAEAAAIBRAA7\" data-src=\"https:\/\/mikumallorca.com\/wp-content\/uploads\/2023\/11\/Diseno-sin-titulo-29-150x150.png\" class=\"attachment-thumbnail size-thumbnail wp-image-2078 lazyload\" alt=\"Kimmy Dobak performing acupuncture treatment in Palma\" data-srcset=\"https:\/\/mikumallorca.com\/wp-content\/uploads\/2023\/11\/Diseno-sin-titulo-29-150x150.png 150w, https:\/\/mikumallorca.com\/wp-content\/uploads\/2023\/11\/Diseno-sin-titulo-29.png 300w\" sizes=\"(max-width: 150px) 100vw, 150px\" \/><noscript><img loading=\"lazy\" decoding=\"async\" width=\"150\" height=\"150\" src=\"https:\/\/mikumallorca.com\/wp-content\/uploads\/2023\/11\/Diseno-sin-titulo-29-150x150.png\" class=\"attachment-thumbnail size-thumbnail wp-image-2078 lazyload\" alt=\"Kimmy Dobak performing acupuncture treatment in Palma\" srcset=\"https:\/\/mikumallorca.com\/wp-content\/uploads\/2023\/11\/Diseno-sin-titulo-29-150x150.png 150w, https:\/\/mikumallorca.com\/wp-content\/uploads\/2023\/11\/Diseno-sin-titulo-29.png 300w\" sizes=\"(max-width: 150px) 100vw, 150px\" \/><\/noscript>\t\t\t\t\t\t\t\t\t\t\t\t\t\t\t<\/div>\n\t\t\t\t<\/div>\n\t\t\t\t<div class=\"elementor-element elementor-element-35f88b2 elementor-widget elementor-widget-heading\" data-id=\"35f88b2\" data-element_type=\"widget\" data-widget_type=\"heading.default\">\n\t\t\t\t<div class=\"elementor-widget-container\">\n\t\t\t\t\t<h2 class=\"elementor-heading-title elementor-size-default\">Kimmy Dob\u00e1k<\/h2>\t\t\t\t<\/div>\n\t\t\t\t<\/div>\n\t\t\t\t<div class=\"elementor-element elementor-element-f098e9d elementor-widget elementor-widget-text-editor\" data-id=\"f098e9d\" data-element_type=\"widget\" data-widget_type=\"text-editor.default\">\n\t\t\t\t<div class=\"elementor-widget-container\">\n\t\t\t\t\t\t\t\t\t<p style=\"text-align: center;\">Afiliada a la Escuela Chestnut de Medicina Integrada Japonesa, Kimmy es una practicante de medicina integrada japonesa altamente experimentada y registrada.<\/p><p style=\"text-align: center;\">Imparte cursos muy solicitados impartidos por el Dr.\/Maestro Chris Roworth, en el Chestnut Training Centre, Reino Unido y recientemente ha comenzado cursos afiliados en Palma de Mallorca, donde ense\u00f1ar\u00e1 Medicina Integrada Japonesa Amatsu en su totalidad.<\/p><p style=\"text-align: center;\">Kimmy se form\u00f3 con el mundialmente reconocido Dr. Chris Roworth. Chris es solo uno de los tres m\u00e9dicos capacitados en el mundo occidental, capacitados en esta excelente medicina, bajo la direcci\u00f3n del \u00faltimo verdadero ninja de Jap\u00f3n, el Dr. Hatsumi Maasaki.<\/p><p style=\"text-align: center;\">El Dr. Hatsumi Maasaki regal\u00f3 esta extraordinaria medicina de artes marciales antiguas al mundo occidental a trav\u00e9s del Dr. Chris Roworth, quien ahora imparte sus conocimientos a unos pocos selectos. A lo largo de los a\u00f1os, se ha hecho referencia a este medicamento como \"el secreto mejor guardado de Jap\u00f3n\".<\/p><p style=\"text-align: center;\">Kimmy est\u00e1 calificada en acupuntura japonesa <em>(incluidos 5 elementos y Tung)<\/em>, Sekkotsu <em>(correcci\u00f3n de columna y articulaciones)<\/em>, Shindenjutsu <em>(conducci\u00f3n del l\u00edquido del ligamento)<\/em>, Ampuka <em>(correcci\u00f3n visceral)<\/em>, Kenkujutsu <em>(equilibrio craneal),<\/em> Kappojutsu <em>(medicina deportiva\/artes marciales),<\/em> Seitai <em>(fisioterapia)<\/em>, Hierbas supert\u00f3nicas y nutrici\u00f3n, AK y pruebas musculares, alivio de alergias, Anma <em>(masaje con acupresi\u00f3n)<\/em>, Moxibusti\u00f3n, Ventosas, Shiatsu y mucho m\u00e1s.<\/p><p style=\"text-align: center;\">Ha completado con \u00e9xito otros certificados profesionales en una amplia variedad de \u00e1reas, como medicina deportiva, afecciones hormonales, alivio del dolor, enfermedades infecciosas, sistema inmunol\u00f3gico, fertilidad y embarazo, acupuntura facial y cosm\u00e9tica.<\/p><p style=\"text-align: center;\">Kimmy ha recibido recientemente una \"Licencia de profesora\" completa, un honor excepcional en el mundo de la Bujinkan Ninja.<br \/>Esto ahora la convierte en 1 de 8 personas en el mundo a las que se les permite ense\u00f1ar esta incre\u00edble medicina. Recientemente tambi\u00e9n recibi\u00f3 su nombre japon\u00e9s, de su Soke Chris Roworth.<br \/>Ella fue nombrada Minamoto Sensei. <em>(es decir: mina \u2013 todo y todos, moto \u2013 fuente y origen)<\/em><\/p>\t\t\t\t\t\t\t\t<\/div>\n\t\t\t\t<\/div>\n\t\t\t\t\t<\/div>\n\t\t<\/div>\n\t\t\t\t<div class=\"elementor-column elementor-col-50 elementor-top-column elementor-element elementor-element-2f1c310\" data-id=\"2f1c310\" data-element_type=\"column\">\n\t\t\t<div class=\"elementor-widget-wrap elementor-element-populated\">\n\t\t\t\t\t\t<div class=\"elementor-element elementor-element-3fc9eec elementor-widget elementor-widget-image\" data-id=\"3fc9eec\" data-element_type=\"widget\" data-widget_type=\"image.default\">\n\t\t\t\t<div class=\"elementor-widget-container\">\n\t\t\t\t\t\t\t\t\t\t\t\t\t\t\t<img loading=\"lazy\" decoding=\"async\" width=\"150\" height=\"150\" src=\"data:image\/gif;base64,R0lGODlhAQABAIAAAAAAAP\/\/\/yH5BAEAAAAALAAAAAABAAEAAAIBRAA7\" data-src=\"https:\/\/mikumallorca.com\/wp-content\/uploads\/2023\/11\/Ezri-Bobak.png\" class=\"attachment-thumbnail size-thumbnail wp-image-3807 lazyload\" alt=\"Ezri Bobak - Accupuncutre Practitioner\" \/><noscript><img loading=\"lazy\" decoding=\"async\" width=\"150\" height=\"150\" src=\"https:\/\/mikumallorca.com\/wp-content\/uploads\/2023\/11\/Ezri-Bobak.png\" class=\"attachment-thumbnail size-thumbnail wp-image-3807 lazyload\" alt=\"Ezri Bobak - Accupuncutre Practitioner\" \/><\/noscript>\t\t\t\t\t\t\t\t\t\t\t\t\t\t\t<\/div>\n\t\t\t\t<\/div>\n\t\t\t\t<div class=\"elementor-element elementor-element-adfd777 elementor-widget elementor-widget-heading\" data-id=\"adfd777\" data-element_type=\"widget\" data-widget_type=\"heading.default\">\n\t\t\t\t<div class=\"elementor-widget-container\">\n\t\t\t\t\t<h2 class=\"elementor-heading-title elementor-size-default\">Ezri Dob\u00e1k<\/h2>\t\t\t\t<\/div>\n\t\t\t\t<\/div>\n\t\t\t\t<div class=\"elementor-element elementor-element-03c0c32 elementor-widget elementor-widget-text-editor\" data-id=\"03c0c32\" data-element_type=\"widget\" data-widget_type=\"text-editor.default\">\n\t\t\t\t<div class=\"elementor-widget-container\">\n\t\t\t\t\t\t\t\t\t<p style=\"text-align: center;\">Ezri naci\u00f3 en la familia de la medicina integrada japonesa y ha sido parte de la medicina desde el principio. Crecer en este entorno y asistir a sesiones desde muy peque\u00f1o le ha dado una ventaja y una sensaci\u00f3n de medicina que muchos envidian.<\/p><p style=\"text-align: center;\">Ezri ha estado entrenando junto a Kimmy en cl\u00ednicas del Reino Unido y Mallorca, desde muy joven, y ahora est\u00e1 cualificado en Anma (<em>masaje con acupresion<\/em>), Ampuka (correcci\u00f3n visceral), AK y Test muscular, Moxibusti\u00f3n, Ventosas y Shiatsu.<\/p><p style=\"text-align: center;\">Adem\u00e1s de entrenar con Kimmy, tambi\u00e9n se form\u00f3 junto al renombrado Dr.\/Maestro Chris Roworth, en el Chestnut Training Centre, Reino Unido.<\/p><p style=\"text-align: center;\">Ezri est\u00e1 afiliado a la Escuela Chestnut de Medicina Integrada Japonesa, donde contin\u00faa con su desarrollo profesional.<\/p>\t\t\t\t\t\t\t\t<\/div>\n\t\t\t\t<\/div>\n\t\t\t\t\t<\/div>\n\t\t<\/div>\n\t\t\t\t\t<\/div>\n\t\t<\/section>\n\t\t\t\t<\/div>","protected":false},"excerpt":{"rendered":"<p>ABOUT MIKU MALLORCA At Miku Mallorca, we are a dedicated team of Practitioners committed to unlocking your body\u2019s natural healing potential. With a profound understanding of the interconnectedness of all the 5 Godai: NUTRITION, ENVIRONMENT, MIND, PHYSICAL, ENERGY&#8230; we tailor our approach to address your unique medical and health needs. We will assess and treat [&hellip;]<\/p>","protected":false},"author":1,"featured_media":0,"parent":0,"menu_order":0,"comment_status":"closed","ping_status":"closed","template":"","meta":{"footnotes":""},"class_list":["post-2274","page","type-page","status-publish","hentry"],"_links":{"self":[{"href":"https:\/\/mikumallorca.com\/es\/wp-json\/wp\/v2\/pages\/2274","targetHints":{"allow":["GET"]}}],"collection":[{"href":"https:\/\/mikumallorca.com\/es\/wp-json\/wp\/v2\/pages"}],"about":[{"href":"https:\/\/mikumallorca.com\/es\/wp-json\/wp\/v2\/types\/page"}],"author":[{"embeddable":true,"href":"https:\/\/mikumallorca.com\/es\/wp-json\/wp\/v2\/users\/1"}],"replies":[{"embeddable":true,"href":"https:\/\/mikumallorca.com\/es\/wp-json\/wp\/v2\/comments?post=2274"}],"version-history":[{"count":4,"href":"https:\/\/mikumallorca.com\/es\/wp-json\/wp\/v2\/pages\/2274\/revisions"}],"predecessor-version":[{"id":3895,"href":"https:\/\/mikumallorca.com\/es\/wp-json\/wp\/v2\/pages\/2274\/revisions\/3895"}],"wp:attachment":[{"href":"https:\/\/mikumallorca.com\/es\/wp-json\/wp\/v2\/media?parent=2274"}],"curies":[{"name":"wp","href":"https:\/\/api.w.org\/{rel}","templated":true}]}}